{"id":4688,"date":"2025-09-23T15:53:51","date_gmt":"2025-09-23T15:53:51","guid":{"rendered":"https:\/\/fondationria.org\/?page_id=4688"},"modified":"2025-10-09T23:53:40","modified_gmt":"2025-10-09T23:53:40","slug":"opportunity","status":"publish","type":"page","link":"https:\/\/fondationria.org\/en\/opportunity\/","title":{"rendered":"Opportunity"},"content":{"rendered":"<div data-elementor-type=\"wp-page\" data-elementor-id=\"4688\" class=\"elementor elementor-4688\">\n\t\t\t\t\t\t<section class=\"elementor-section elementor-top-section elementor-element elementor-element-a648a17 elementor-section-stretched elementor-section-content-middle elementor-section-boxed elementor-section-height-default elementor-section-height-default\" data-id=\"a648a17\" data-element_type=\"section\" data-settings=\"{&quot;stretch_section&quot;:&quot;section-stretched&quot;,&quot;background_background&quot;:&quot;classic&quot;}\">\n\t\t\t\t\t\t\t<div class=\"elementor-background-overlay\"><\/div>\n\t\t\t\t\t\t\t<div class=\"elementor-container elementor-column-gap-default\">\n\t\t\t\t\t<div class=\"elementor-column elementor-col-100 elementor-top-column elementor-element elementor-element-b944747\" data-id=\"b944747\" data-element_type=\"column\">\n\t\t\t<div class=\"elementor-widget-wrap elementor-element-populated\">\n\t\t\t\t\t\t<div class=\"elementor-element elementor-element-4d18efa elementor-widget elementor-widget-heading\" data-id=\"4d18efa\" data-element_type=\"widget\" data-widget_type=\"heading.default\">\n\t\t\t\t<div class=\"elementor-widget-container\">\n\t\t\t\t\t<h1 class=\"elementor-heading-title elementor-size-default\">Opportunity <\/h1>\t\t\t\t<\/div>\n\t\t\t\t<\/div>\n\t\t\t\t\t<\/div>\n\t\t<\/div>\n\t\t\t\t\t<\/div>\n\t\t<\/section>\n\t\t<div class=\"elementor-element elementor-element-3765bdd e-flex e-con-boxed e-con e-parent\" data-id=\"3765bdd\" data-element_type=\"container\">\n\t\t\t\t\t<div class=\"e-con-inner\">\n\t\t\t\t<div class=\"elementor-element elementor-element-395bbdb elementor-widget elementor-widget-text-editor\" data-id=\"395bbdb\" data-element_type=\"widget\" data-widget_type=\"text-editor.default\">\n\t\t\t\t<div class=\"elementor-widget-container\">\n\t\t\t\t\t\t\t\t\t<p><span class=\"urcr-restrict-message\"><h2>\ud83d\udd12 Ce contenu est r\u00e9serv\u00e9 aux membres enregistr\u00e9s. Veuillez <a href=\"https:\/\/fondationria.org\/en\/my-account\/\"><strong>vous connecter<\/strong><\/a> pour continuer. Si vous n\u2019avez pas encore de compte, vous pouvez <a href=\"https:\/\/fondationria.org\/en\/registration\/\"><strong>vous inscrire ci-dessous<\/strong><\/a>.<\/h2>\n<\/span><\/p>\t\t\t\t\t\t\t\t<\/div>\n\t\t\t\t<\/div>\n\t\t\t\t\t<\/div>\n\t\t\t\t<\/div>\n\t\t\t\t<\/div>","protected":false},"excerpt":{"rendered":"<p>Opportunity<\/p>","protected":false},"author":1,"featured_media":0,"parent":0,"menu_order":0,"comment_status":"closed","ping_status":"closed","template":"","meta":{"footnotes":""},"class_list":["post-4688","page","type-page","status-publish","hentry"],"_links":{"self":[{"href":"https:\/\/fondationria.org\/en\/wp-json\/wp\/v2\/pages\/4688","targetHints":{"allow":["GET"]}}],"collection":[{"href":"https:\/\/fondationria.org\/en\/wp-json\/wp\/v2\/pages"}],"about":[{"href":"https:\/\/fondationria.org\/en\/wp-json\/wp\/v2\/types\/page"}],"author":[{"embeddable":true,"href":"https:\/\/fondationria.org\/en\/wp-json\/wp\/v2\/users\/1"}],"replies":[{"embeddable":true,"href":"https:\/\/fondationria.org\/en\/wp-json\/wp\/v2\/comments?post=4688"}],"version-history":[{"count":57,"href":"https:\/\/fondationria.org\/en\/wp-json\/wp\/v2\/pages\/4688\/revisions"}],"predecessor-version":[{"id":4957,"href":"https:\/\/fondationria.org\/en\/wp-json\/wp\/v2\/pages\/4688\/revisions\/4957"}],"wp:attachment":[{"href":"https:\/\/fondationria.org\/en\/wp-json\/wp\/v2\/media?parent=4688"}],"curies":[{"name":"wp","href":"https:\/\/api.w.org\/{rel}","templated":true}]}}