{"id":4487,"date":"2025-09-07T22:35:06","date_gmt":"2025-09-07T22:35:06","guid":{"rendered":"https:\/\/fondationria.org\/?page_id=4487"},"modified":"2025-12-15T13:50:13","modified_gmt":"2025-12-15T13:50:13","slug":"donation","status":"publish","type":"page","link":"https:\/\/fondationria.org\/en\/donation\/","title":{"rendered":"Donation"},"content":{"rendered":"<div data-elementor-type=\"wp-page\" data-elementor-id=\"4487\" class=\"elementor elementor-4487\">\n\t\t\t\t\t\t<section class=\"elementor-section elementor-top-section elementor-element elementor-element-3af827a3 elementor-section-stretched elementor-section-content-middle elementor-section-height-min-height elementor-section-boxed elementor-section-height-default elementor-section-items-middle\" data-id=\"3af827a3\" data-element_type=\"section\" data-settings=\"{&quot;stretch_section&quot;:&quot;section-stretched&quot;,&quot;background_background&quot;:&quot;classic&quot;}\">\n\t\t\t\t\t\t\t<div class=\"elementor-background-overlay\"><\/div>\n\t\t\t\t\t\t\t<div class=\"elementor-container elementor-column-gap-default\">\n\t\t\t\t\t<div class=\"elementor-column elementor-col-100 elementor-top-column elementor-element elementor-element-4602e76e\" data-id=\"4602e76e\" data-element_type=\"column\">\n\t\t\t<div class=\"elementor-widget-wrap elementor-element-populated\">\n\t\t\t\t\t\t<div class=\"elementor-element elementor-element-3896814d elementor-widget elementor-widget-heading\" data-id=\"3896814d\" data-element_type=\"widget\" data-widget_type=\"heading.default\">\n\t\t\t\t<div class=\"elementor-widget-container\">\n\t\t\t\t\t<h1 class=\"elementor-heading-title elementor-size-default\">Donation<\/h1>\t\t\t\t<\/div>\n\t\t\t\t<\/div>\n\t\t\t\t\t<\/div>\n\t\t<\/div>\n\t\t\t\t\t<\/div>\n\t\t<\/section>\n\t\t\t\t<section class=\"elementor-section elementor-top-section elementor-element elementor-element-de4f271 elementor-section-boxed elementor-section-height-default elementor-section-height-default\" data-id=\"de4f271\" data-element_type=\"section\">\n\t\t\t\t\t\t<div class=\"elementor-container elementor-column-gap-default\">\n\t\t\t\t\t<div class=\"elementor-column elementor-col-100 elementor-top-column elementor-element elementor-element-c4f2678\" data-id=\"c4f2678\" data-element_type=\"column\">\n\t\t\t<div class=\"elementor-widget-wrap elementor-element-populated\">\n\t\t\t\t\t\t<div class=\"elementor-element elementor-element-694851a elementor-widget elementor-widget-heading\" data-id=\"694851a\" data-element_type=\"widget\" data-widget_type=\"heading.default\">\n\t\t\t\t<div class=\"elementor-widget-container\">\n\t\t\t\t\t<h1 class=\"elementor-heading-title elementor-size-default\">Support Our Research, Empower Africa\u2019s Future<\/h1>\t\t\t\t<\/div>\n\t\t\t\t<\/div>\n\t\t\t\t<div class=\"elementor-element elementor-element-e7f2792 elementor-mobile-align-center elementor-align-center elementor-icon-list--layout-traditional elementor-list-item-link-full_width elementor-widget elementor-widget-icon-list\" data-id=\"e7f2792\" data-element_type=\"widget\" data-widget_type=\"icon-list.default\">\n\t\t\t\t<div class=\"elementor-widget-container\">\n\t\t\t\t\t\t\t<ul class=\"elementor-icon-list-items\">\n\t\t\t\t\t\t\t<li class=\"elementor-icon-list-item\">\n\t\t\t\t\t\t\t\t\t\t\t<span class=\"elementor-icon-list-icon\">\n\t\t\t\t\t\t\t\t\t\t\t\t\t<\/span>\n\t\t\t\t\t\t\t\t\t\t<span class=\"elementor-icon-list-text\">Your donation helps us drive meaningful research and community impact. Every contribution, big or small, brings us closer to change.<\/span>\n\t\t\t\t\t\t\t\t\t<\/li>\n\t\t\t\t\t\t<\/ul>\n\t\t\t\t\t\t<\/div>\n\t\t\t\t<\/div>\n\t\t\t\t\t<\/div>\n\t\t<\/div>\n\t\t\t\t\t<\/div>\n\t\t<\/section>\n\t\t\t\t<section class=\"elementor-section elementor-top-section elementor-element elementor-element-bc260cf elementor-section-boxed elementor-section-height-default elementor-section-height-default\" data-id=\"bc260cf\" data-element_type=\"section\">\n\t\t\t\t\t\t<div class=\"elementor-container elementor-column-gap-default\">\n\t\t\t\t\t<div class=\"elementor-column elementor-col-100 elementor-top-column elementor-element elementor-element-eba353d\" data-id=\"eba353d\" data-element_type=\"column\">\n\t\t\t<div class=\"elementor-widget-wrap elementor-element-populated\">\n\t\t\t\t\t\t<div class=\"elementor-element elementor-element-84c78ab elementor-widget elementor-widget-heading\" data-id=\"84c78ab\" data-element_type=\"widget\" data-widget_type=\"heading.default\">\n\t\t\t\t<div class=\"elementor-widget-container\">\n\t\t\t\t\t<h1 class=\"elementor-heading-title elementor-size-default\">Choose your preferred mobile money service below to send your donation directly to our official account. After sending, kindly upload your payment proof through the form so we can confirm and send you a receipt.<br><br>NB : Pri\u00e8re scanner uniquement le QR Code de votre choix avec l'application Wave, Orange ou MTN et non avec un lecteur QR Code quelconque.<\/h1>\t\t\t\t<\/div>\n\t\t\t\t<\/div>\n\t\t\t\t\t<\/div>\n\t\t<\/div>\n\t\t\t\t\t<\/div>\n\t\t<\/section>\n\t\t<div class=\"elementor-element elementor-element-21cf94d e-flex e-con-boxed e-con e-parent\" data-id=\"21cf94d\" data-element_type=\"container\">\n\t\t\t\t\t<div class=\"e-con-inner\">\n\t\t<div class=\"elementor-element elementor-element-430d091 e-con-full e-flex e-con e-child\" data-id=\"430d091\" data-element_type=\"container\">\n\t\t\t\t<div class=\"elementor-element elementor-element-5c5d654 elementor-widget elementor-widget-heading\" data-id=\"5c5d654\" data-element_type=\"widget\" data-widget_type=\"heading.default\">\n\t\t\t\t<div class=\"elementor-widget-container\">\n\t\t\t\t\t<h2 class=\"elementor-heading-title elementor-size-default\">Wave Mobile Money<\/h2>\t\t\t\t<\/div>\n\t\t\t\t<\/div>\n\t\t\t\t<div class=\"elementor-element elementor-element-3d490fd elementor-widget elementor-widget-text-editor\" data-id=\"3d490fd\" data-element_type=\"widget\" data-widget_type=\"text-editor.default\">\n\t\t\t\t<div class=\"elementor-widget-container\">\n\t\t\t\t\t\t\t\t\t<p><strong>Account name<\/strong> FRIA<\/p><p><strong>Wallet number<\/strong> +225 05 02 663 116<\/p>\t\t\t\t\t\t\t\t<\/div>\n\t\t\t\t<\/div>\n\t\t\t\t<div class=\"elementor-element elementor-element-b65c37e elementor-widget elementor-widget-html\" data-id=\"b65c37e\" data-element_type=\"widget\" data-widget_type=\"html.default\">\n\t\t\t\t<div class=\"elementor-widget-container\">\n\t\t\t\t\t<div class=\"cpy-btn\">\n  <button class=\"ea-copy-btn1\" data-copy=\"+2250502663116\">\n    Copier le num\u00e9ro\n  <\/button>\n<\/div>\n\n<script>\n(function(){\n  function fallbackCopy(text){\n    var ta = document.createElement('textarea');\n    ta.value = text;\n    ta.style.position = 'fixed';\n    ta.style.left = '-9999px';\n    document.body.appendChild(ta);\n    ta.select();\n    try {\n      var ok = document.execCommand('copy');\n      document.body.removeChild(ta);\n      return ok;\n    } catch(e){\n      document.body.removeChild(ta);\n      return false;\n    }\n  }\n\n  function writeClipboard(text){\n    if (navigator.clipboard && navigator.clipboard.writeText) {\n      return navigator.clipboard.writeText(text).then(function(){ return true; }).catch(function(){ return fallbackCopy(text); });\n    }\n    return Promise.resolve(fallbackCopy(text));\n  }\n\n  document.addEventListener('click', function(e){\n    var btn = e.target.closest('.ea-copy-btn1');\n    if (!btn) return;\n\n    var txt = btn.getAttribute('data-copy') || '';\n    if (!txt) return;\n\n    writeClipboard(txt).then(function(success){\n      var orig = btn.innerText;\n      if (success) {\n        btn.innerText = 'Copied!';\n      } else {\n        btn.innerText = 'Copy failed';\n      }\n      setTimeout(function(){ btn.innerText = orig; }, 2000);\n    });\n  });\n})();\n<\/script>\n\t\t\t\t<\/div>\n\t\t\t\t<\/div>\n\t\t\t\t<div class=\"elementor-element elementor-element-a80aed7 elementor-widget elementor-widget-image\" data-id=\"a80aed7\" data-element_type=\"widget\" data-widget_type=\"image.default\">\n\t\t\t\t<div class=\"elementor-widget-container\">\n\t\t\t\t\t\t\t\t\t\t\t\t\t\t\t<img fetchpriority=\"high\" decoding=\"async\" width=\"300\" height=\"278\" src=\"https:\/\/fondationria.org\/wp-content\/uploads\/2025\/12\/QR-Code-Wave-e1765806468688-300x278.jpeg\" class=\"attachment-medium size-medium wp-image-4991\" alt=\"\" srcset=\"https:\/\/fondationria.org\/wp-content\/uploads\/2025\/12\/QR-Code-Wave-e1765806468688-300x278.jpeg 300w, https:\/\/fondationria.org\/wp-content\/uploads\/2025\/12\/QR-Code-Wave-e1765806468688-768x713.jpeg 768w, https:\/\/fondationria.org\/wp-content\/uploads\/2025\/12\/QR-Code-Wave-e1765806468688-13x12.jpeg 13w, https:\/\/fondationria.org\/wp-content\/uploads\/2025\/12\/QR-Code-Wave-e1765806468688.jpeg 846w\" sizes=\"(max-width: 300px) 100vw, 300px\" \/>\t\t\t\t\t\t\t\t\t\t\t\t\t\t\t<\/div>\n\t\t\t\t<\/div>\n\t\t\t\t<\/div>\n\t\t<div class=\"elementor-element elementor-element-8ff60aa e-con-full e-flex e-con e-child\" data-id=\"8ff60aa\" data-element_type=\"container\">\n\t\t\t\t<div class=\"elementor-element elementor-element-bc3a1cf elementor-widget elementor-widget-heading\" data-id=\"bc3a1cf\" data-element_type=\"widget\" data-widget_type=\"heading.default\">\n\t\t\t\t<div class=\"elementor-widget-container\">\n\t\t\t\t\t<h2 class=\"elementor-heading-title elementor-size-default\">Orange Money<\/h2>\t\t\t\t<\/div>\n\t\t\t\t<\/div>\n\t\t\t\t<div class=\"elementor-element elementor-element-d5c6a87 elementor-widget elementor-widget-text-editor\" data-id=\"d5c6a87\" data-element_type=\"widget\" data-widget_type=\"text-editor.default\">\n\t\t\t\t<div class=\"elementor-widget-container\">\n\t\t\t\t\t\t\t\t\t<p><strong>Account name<\/strong> FRIA<\/p><p><strong>Wallet number<\/strong> +225 07 79 076 668<\/p>\t\t\t\t\t\t\t\t<\/div>\n\t\t\t\t<\/div>\n\t\t\t\t<div class=\"elementor-element elementor-element-9734fed elementor-widget elementor-widget-html\" data-id=\"9734fed\" data-element_type=\"widget\" data-widget_type=\"html.default\">\n\t\t\t\t<div class=\"elementor-widget-container\">\n\t\t\t\t\t<div class=\"cpy-btn\">\n  <button class=\"ea-copy-btn2\" data-copy=\"+2250779076668\">\n   Copier le num\u00e9ro\n  <\/button>\n<\/div>\n\n<script>\n(function(){\n  function fallbackCopy(text){\n    var ta = document.createElement('textarea');\n    ta.value = text;\n    ta.style.position = 'fixed';\n    ta.style.left = '-9999px';\n    document.body.appendChild(ta);\n    ta.select();\n    try {\n      var ok = document.execCommand('copy');\n      document.body.removeChild(ta);\n      return ok;\n    } catch(e){\n      document.body.removeChild(ta);\n      return false;\n    }\n  }\n\n  function writeClipboard(text){\n    if (navigator.clipboard && navigator.clipboard.writeText) {\n      return navigator.clipboard.writeText(text).then(function(){ return true; }).catch(function(){ return fallbackCopy(text); });\n    }\n    return Promise.resolve(fallbackCopy(text));\n  }\n\n  document.addEventListener('click', function(e){\n    var btn = e.target.closest('.ea-copy-btn2');\n    if (!btn) return;\n\n    var txt = btn.getAttribute('data-copy') || '';\n    if (!txt) return;\n\n    writeClipboard(txt).then(function(success){\n      var orig = btn.innerText;\n      if (success) {\n        btn.innerText = 'Copied!';\n      } else {\n        btn.innerText = 'Copy failed';\n      }\n      setTimeout(function(){ btn.innerText = orig; }, 2000);\n    });\n  });\n})();\n<\/script>\n\t\t\t\t<\/div>\n\t\t\t\t<\/div>\n\t\t\t\t<div class=\"elementor-element elementor-element-71ea5aa elementor-widget elementor-widget-image\" data-id=\"71ea5aa\" data-element_type=\"widget\" data-widget_type=\"image.default\">\n\t\t\t\t<div class=\"elementor-widget-container\">\n\t\t\t\t\t\t\t\t\t\t\t\t\t\t\t<img decoding=\"async\" width=\"485\" height=\"485\" src=\"https:\/\/fondationria.org\/wp-content\/uploads\/2025\/09\/WhatsApp-Image-2025-09-23-at-21.17.28_b9cf9166.jpg\" class=\"attachment-large size-large wp-image-4855\" alt=\"\" srcset=\"https:\/\/fondationria.org\/wp-content\/uploads\/2025\/09\/WhatsApp-Image-2025-09-23-at-21.17.28_b9cf9166.jpg 485w, https:\/\/fondationria.org\/wp-content\/uploads\/2025\/09\/WhatsApp-Image-2025-09-23-at-21.17.28_b9cf9166-300x300.jpg 300w, https:\/\/fondationria.org\/wp-content\/uploads\/2025\/09\/WhatsApp-Image-2025-09-23-at-21.17.28_b9cf9166-150x150.jpg 150w, https:\/\/fondationria.org\/wp-content\/uploads\/2025\/09\/WhatsApp-Image-2025-09-23-at-21.17.28_b9cf9166-12x12.jpg 12w\" sizes=\"(max-width: 485px) 100vw, 485px\" \/>\t\t\t\t\t\t\t\t\t\t\t\t\t\t\t<\/div>\n\t\t\t\t<\/div>\n\t\t\t\t<\/div>\n\t\t<div class=\"elementor-element elementor-element-65d0030 e-con-full e-flex e-con e-child\" data-id=\"65d0030\" data-element_type=\"container\">\n\t\t\t\t<div class=\"elementor-element elementor-element-b80c95c elementor-widget elementor-widget-heading\" data-id=\"b80c95c\" data-element_type=\"widget\" data-widget_type=\"heading.default\">\n\t\t\t\t<div class=\"elementor-widget-container\">\n\t\t\t\t\t<h2 class=\"elementor-heading-title elementor-size-default\">MTN MoMo<\/h2>\t\t\t\t<\/div>\n\t\t\t\t<\/div>\n\t\t\t\t<div class=\"elementor-element elementor-element-d342d61 elementor-widget elementor-widget-text-editor\" data-id=\"d342d61\" data-element_type=\"widget\" data-widget_type=\"text-editor.default\">\n\t\t\t\t<div class=\"elementor-widget-container\">\n\t\t\t\t\t\t\t\t\t<p><strong>Account name<\/strong> FRIA<br \/><strong>Wallet number<\/strong> +225 05 02 663 116<\/p>\t\t\t\t\t\t\t\t<\/div>\n\t\t\t\t<\/div>\n\t\t\t\t<div class=\"elementor-element elementor-element-55771bc elementor-widget elementor-widget-html\" data-id=\"55771bc\" data-element_type=\"widget\" data-widget_type=\"html.default\">\n\t\t\t\t<div class=\"elementor-widget-container\">\n\t\t\t\t\t<div class=\"cpy-btn\">\n  <button class=\"ea-copy-btn3\" data-copy=\"+2250502663116\">\n    Copier le num\u00e9ro\n  <\/button>\n<\/div>\n\n<script>\n(function(){\n  function fallbackCopy(text){\n    var ta = document.createElement('textarea');\n    ta.value = text;\n    ta.style.position = 'fixed';\n    ta.style.left = '-9999px';\n    document.body.appendChild(ta);\n    ta.select();\n    try {\n      var ok = document.execCommand('copy');\n      document.body.removeChild(ta);\n      return ok;\n    } catch(e){\n      document.body.removeChild(ta);\n      return false;\n    }\n  }\n\n  function writeClipboard(text){\n    if (navigator.clipboard && navigator.clipboard.writeText) {\n      return navigator.clipboard.writeText(text).then(function(){ return true; }).catch(function(){ return fallbackCopy(text); });\n    }\n    return Promise.resolve(fallbackCopy(text));\n  }\n\n  document.addEventListener('click', function(e){\n    var btn = e.target.closest('.ea-copy-btn3');\n    if (!btn) return;\n\n    var txt = btn.getAttribute('data-copy') || '';\n    if (!txt) return;\n\n    writeClipboard(txt).then(function(success){\n      var orig = btn.innerText;\n      if (success) {\n        btn.innerText = 'Copied!';\n      } else {\n        btn.innerText = 'Copy failed';\n      }\n      setTimeout(function(){ btn.innerText = orig; }, 2000);\n    });\n  });\n})();\n<\/script>\n\t\t\t\t<\/div>\n\t\t\t\t<\/div>\n\t\t\t\t<div class=\"elementor-element elementor-element-901ff1a elementor-widget elementor-widget-image\" data-id=\"901ff1a\" data-element_type=\"widget\" data-widget_type=\"image.default\">\n\t\t\t\t<div class=\"elementor-widget-container\">\n\t\t\t\t\t\t\t\t\t\t\t\t\t\t\t<img decoding=\"async\" width=\"275\" height=\"277\" src=\"https:\/\/fondationria.org\/wp-content\/uploads\/2025\/09\/WhatsApp-Image-2025-09-06-at-14.41.53_a70741c2-e1757973926760.jpg\" class=\"attachment-large size-large wp-image-4496\" alt=\"\" \/>\t\t\t\t\t\t\t\t\t\t\t\t\t\t\t<\/div>\n\t\t\t\t<\/div>\n\t\t\t\t<\/div>\n\t\t\t\t\t<\/div>\n\t\t\t\t<\/div>\n\t\t\t\t<section class=\"elementor-section elementor-top-section elementor-element elementor-element-62ac46b elementor-section-boxed elementor-section-height-default elementor-section-height-default\" data-id=\"62ac46b\" data-element_type=\"section\">\n\t\t\t\t\t\t<div class=\"elementor-container elementor-column-gap-default\">\n\t\t\t\t\t<div class=\"elementor-column elementor-col-100 elementor-top-column elementor-element elementor-element-ee5a14d\" data-id=\"ee5a14d\" data-element_type=\"column\">\n\t\t\t<div class=\"elementor-widget-wrap elementor-element-populated\">\n\t\t\t\t\t\t<div class=\"elementor-element elementor-element-583b7a5 elementor-widget elementor-widget-heading\" data-id=\"583b7a5\" data-element_type=\"widget\" data-widget_type=\"heading.default\">\n\t\t\t\t<div class=\"elementor-widget-container\">\n\t\t\t\t\t<h1 class=\"elementor-heading-title elementor-size-default\">Submit Your Payment Proof<\/h1>\t\t\t\t<\/div>\n\t\t\t\t<\/div>\n\t\t\t\t<div class=\"elementor-element elementor-element-53288c0 elementor-mobile-align-center elementor-align-center elementor-icon-list--layout-traditional elementor-list-item-link-full_width elementor-widget elementor-widget-icon-list\" data-id=\"53288c0\" data-element_type=\"widget\" data-widget_type=\"icon-list.default\">\n\t\t\t\t<div class=\"elementor-widget-container\">\n\t\t\t\t\t\t\t<ul class=\"elementor-icon-list-items\">\n\t\t\t\t\t\t\t<li class=\"elementor-icon-list-item\">\n\t\t\t\t\t\t\t\t\t\t\t<span class=\"elementor-icon-list-icon\">\n\t\t\t\t\t\t\t\t\t\t\t\t\t<\/span>\n\t\t\t\t\t\t\t\t\t\t<span class=\"elementor-icon-list-text\">To help us confirm your donation and issue a receipt, please complete the form below with your transaction details and upload a copy of your receipt or screenshot.<\/span>\n\t\t\t\t\t\t\t\t\t<\/li>\n\t\t\t\t\t\t<\/ul>\n\t\t\t\t\t\t<\/div>\n\t\t\t\t<\/div>\n\t\t\t\t\t<\/div>\n\t\t<\/div>\n\t\t\t\t\t<\/div>\n\t\t<\/section>\n\t\t<div class=\"elementor-element elementor-element-3eaae3f e-flex e-con-boxed e-con e-parent\" data-id=\"3eaae3f\" data-element_type=\"container\">\n\t\t\t\t\t<div class=\"e-con-inner\">\n\t\t\t\t<div class=\"elementor-element elementor-element-53d5f95 elementor-widget elementor-widget-shortcode\" data-id=\"53d5f95\" data-element_type=\"widget\" data-widget_type=\"shortcode.default\">\n\t\t\t\t<div class=\"elementor-widget-container\">\n\t\t\t\t\t\t\t<div class=\"elementor-shortcode\">\n<div class=\"wpcf7 no-js\" id=\"wpcf7-f4549-o1\" lang=\"en-US\" dir=\"ltr\" data-wpcf7-id=\"4549\">\n<div class=\"screen-reader-response\"><p role=\"status\" aria-live=\"polite\" aria-atomic=\"true\"><\/p> <ul><\/ul><\/div>\n<form action=\"\/en\/wp-json\/wp\/v2\/pages\/4487#wpcf7-f4549-o1\" method=\"post\" class=\"wpcf7-form init\" aria-label=\"Contact form\" enctype=\"multipart\/form-data\" novalidate=\"novalidate\" data-status=\"init\" data-trp-original-action=\"\/en\/wp-json\/wp\/v2\/pages\/4487#wpcf7-f4549-o1\">\n<fieldset class=\"hidden-fields-container\"><input type=\"hidden\" name=\"_wpcf7\" value=\"4549\" \/><input type=\"hidden\" name=\"_wpcf7_version\" value=\"6.1.3\" \/><input type=\"hidden\" name=\"_wpcf7_locale\" value=\"en_US\" \/><input type=\"hidden\" name=\"_wpcf7_unit_tag\" value=\"wpcf7-f4549-o1\" \/><input type=\"hidden\" name=\"_wpcf7_container_post\" value=\"0\" \/><input type=\"hidden\" name=\"_wpcf7_posted_data_hash\" value=\"\" \/>\n<\/fieldset>\n<div class=\"donation-form two-col\">\n\t<div class=\"form-row half\">\n\t\t<p><label>Full name<\/label><br \/>\n<span class=\"wpcf7-form-control-wrap\" data-name=\"donor-name\"><input size=\"40\" maxlength=\"400\" class=\"wpcf7-form-control wpcf7-text wpcf7-validates-as-required\" aria-required=\"true\" aria-invalid=\"false\" placeholder=\"Full name\" value=\"\" type=\"text\" name=\"donor-name\" \/><\/span>\n\t\t<\/p>\n\t<\/div>\n\t<div class=\"form-row half\">\n\t\t<p><label>Email for receipt<\/label><br \/>\n<span class=\"wpcf7-form-control-wrap\" data-name=\"donor-email\"><input size=\"40\" maxlength=\"400\" class=\"wpcf7-form-control wpcf7-email wpcf7-validates-as-required wpcf7-text wpcf7-validates-as-email\" aria-required=\"true\" aria-invalid=\"false\" placeholder=\"E-mail address\" value=\"\" type=\"email\" name=\"donor-email\" \/><\/span>\n\t\t<\/p>\n\t<\/div>\n\t<div class=\"form-row half\">\n\t\t<p><label>Phone (optional)<\/label><br \/>\n<span class=\"wpcf7-form-control-wrap\" data-name=\"donor-phone\"><input size=\"40\" maxlength=\"400\" class=\"wpcf7-form-control wpcf7-tel wpcf7-text wpcf7-validates-as-tel\" aria-invalid=\"false\" placeholder=\"Phone number\" value=\"\" type=\"tel\" name=\"donor-phone\" \/><\/span>\n\t\t<\/p>\n\t<\/div>\n\t<div class=\"form-row half\">\n\t\t<p><label>Amount (XOF)<\/label><br \/>\n<span class=\"wpcf7-form-control-wrap\" data-name=\"amount\"><input class=\"wpcf7-form-control wpcf7-number wpcf7-validates-as-required wpcf7-validates-as-number\" min=\"100\" step=\"50\" aria-required=\"true\" aria-invalid=\"false\" placeholder=\"Enter amount\" value=\"\" type=\"number\" name=\"amount\" \/><\/span>\n\t\t<\/p>\n\t<\/div>\n\t<div class=\"form-row half\">\n\t\t<p><label>Choose Payment Network<\/label><br \/>\n<span class=\"wpcf7-form-control-wrap\" data-name=\"network\"><select class=\"wpcf7-form-control wpcf7-select wpcf7-validates-as-required\" aria-required=\"true\" aria-invalid=\"false\" name=\"network\"><option value=\"Wave\">Wave<\/option><option value=\"Orange Money\">Orange Money<\/option><option value=\"MTN MoMo\">MTN MoMo<\/option><\/select><\/span>\n\t\t<\/p>\n\t<\/div>\n\t<div class=\"form-row half\">\n\t\t<p><label>Payer Phone Number<\/label><br \/>\n<span class=\"wpcf7-form-control-wrap\" data-name=\"payer-number\"><input size=\"40\" maxlength=\"400\" class=\"wpcf7-form-control wpcf7-tel wpcf7-validates-as-required wpcf7-text wpcf7-validates-as-tel\" aria-required=\"true\" aria-invalid=\"false\" placeholder=\"Phone number used to pay\" value=\"\" type=\"tel\" name=\"payer-number\" \/><\/span>\n\t\t<\/p>\n\t<\/div>\n\t<div class=\"form-row half\">\n\t\t<p><label>Transaction Reference (if shown)<\/label><br \/>\n<span class=\"wpcf7-form-control-wrap\" data-name=\"transaction-ref\"><input size=\"40\" maxlength=\"400\" class=\"wpcf7-form-control wpcf7-text\" aria-invalid=\"false\" placeholder=\"Transaction Reference\" value=\"\" type=\"text\" name=\"transaction-ref\" \/><\/span>\n\t\t<\/p>\n\t<\/div>\n\t<div class=\"form-row half\">\n\t\t<p><label>Payment Date<\/label><br \/>\n<span class=\"wpcf7-form-control-wrap\" data-name=\"paid-date\"><input class=\"wpcf7-form-control wpcf7-date wpcf7-validates-as-date\" aria-invalid=\"false\" value=\"\" type=\"date\" name=\"paid-date\" \/><\/span>\n\t\t<\/p>\n\t<\/div>\n\t<div class=\"form-row full\">\n\t\t<p><label>Your Donation Code<\/label><br \/>\n<span class=\"wpcf7-form-control-wrap\" data-name=\"donation-code\"><input size=\"40\" maxlength=\"400\" class=\"wpcf7-form-control wpcf7-text wpcf7-validates-as-required\" id=\"donationCodeInput\" readonly=\"readonly\" aria-required=\"true\" aria-invalid=\"false\" placeholder=\"Auto-filled code\" value=\"\" type=\"text\" name=\"donation-code\" \/><\/span>\n\t\t<\/p>\n\t<\/div>\n\t<div class=\"form-row full\">\n\t\t<p><label>Upload Receipt (jpg, png, pdf, max 5MB)<\/label><br \/>\n<span class=\"wpcf7-form-control-wrap\" data-name=\"receipt\"><input size=\"40\" class=\"wpcf7-form-control wpcf7-file wpcf7-validates-as-required\" accept=\".jpg,.jpeg,.png,.pdf\" aria-required=\"true\" aria-invalid=\"false\" type=\"file\" name=\"receipt\" \/><\/span>\n\t\t<\/p>\n\t<\/div>\n\t<div class=\"form-row full checkbox\">\n\t\t<p><span class=\"wpcf7-form-control-wrap\" data-name=\"acceptance-692\"><span class=\"wpcf7-form-control wpcf7-acceptance\"><span class=\"wpcf7-list-item\"><label><input type=\"checkbox\" name=\"acceptance-692\" value=\"1\" aria-invalid=\"false\" \/><span class=\"wpcf7-list-item-label\">I confirm I have sent the payment and the details provided are correct<\/span><\/label><\/span><\/span><\/span>\n\t\t<\/p>\n\t<\/div>\n\t<div class=\"form-row full\">\n\t\t<p><label>Optional Message<\/label><br \/>\n<span class=\"wpcf7-form-control-wrap\" data-name=\"message\"><textarea cols=\"40\" rows=\"10\" maxlength=\"2000\" class=\"wpcf7-form-control wpcf7-textarea\" aria-invalid=\"false\" placeholder=\"Write a message\" name=\"message\"><\/textarea><\/span>\n\t\t<\/p>\n\t<\/div>\n\t<div class=\"form-row full submit-row\">\n\t\t<p><input class=\"wpcf7-form-control wpcf7-submit has-spinner\" type=\"submit\" value=\"Send Proof\" \/>\n\t\t<\/p>\n\t<\/div>\n<\/div><div class=\"wpcf7-response-output\" aria-hidden=\"true\"><\/div>\n<input type=\"hidden\" name=\"trp-form-language\" value=\"en\"\/><\/form>\n<\/div>\n<\/div>\n\t\t\t\t\t\t<\/div>\n\t\t\t\t<\/div>\n\t\t\t\t\t<\/div>\n\t\t\t\t<\/div>\n\t\t\t\t<\/div>","protected":false},"excerpt":{"rendered":"<p>Don Soutenez Nos Recherches, Donnez Force \u00e0 l\u2019Avenir de l\u2019Afrique Votre don nous aide \u00e0 mener des recherches utiles et \u00e0 avoir un impact concret dans nos communaut\u00e9s. Chaque contribution, grande ou petite, nous rapproche du changement. Choisissez ci-dessous votre service de mobile money pr\u00e9f\u00e9r\u00e9 pour envoyer votre don directement sur notre compte officiel. Apr\u00e8s [&hellip;]<\/p>","protected":false},"author":1,"featured_media":0,"parent":0,"menu_order":0,"comment_status":"closed","ping_status":"closed","template":"","meta":{"footnotes":""},"class_list":["post-4487","page","type-page","status-publish","hentry"],"_links":{"self":[{"href":"https:\/\/fondationria.org\/en\/wp-json\/wp\/v2\/pages\/4487","targetHints":{"allow":["GET"]}}],"collection":[{"href":"https:\/\/fondationria.org\/en\/wp-json\/wp\/v2\/pages"}],"about":[{"href":"https:\/\/fondationria.org\/en\/wp-json\/wp\/v2\/types\/page"}],"author":[{"embeddable":true,"href":"https:\/\/fondationria.org\/en\/wp-json\/wp\/v2\/users\/1"}],"replies":[{"embeddable":true,"href":"https:\/\/fondationria.org\/en\/wp-json\/wp\/v2\/comments?post=4487"}],"version-history":[{"count":124,"href":"https:\/\/fondationria.org\/en\/wp-json\/wp\/v2\/pages\/4487\/revisions"}],"predecessor-version":[{"id":4997,"href":"https:\/\/fondationria.org\/en\/wp-json\/wp\/v2\/pages\/4487\/revisions\/4997"}],"wp:attachment":[{"href":"https:\/\/fondationria.org\/en\/wp-json\/wp\/v2\/media?parent=4487"}],"curies":[{"name":"wp","href":"https:\/\/api.w.org\/{rel}","templated":true}]}}