{"id":3599,"date":"2025-05-22T20:56:11","date_gmt":"2025-05-22T20:56:11","guid":{"rendered":"https:\/\/fondationria.org\/?page_id=3599"},"modified":"2025-08-14T22:19:12","modified_gmt":"2025-08-14T22:19:12","slug":"nos-piliers","status":"publish","type":"page","link":"https:\/\/fondationria.org\/en\/nos-piliers\/","title":{"rendered":"Our Pillars"},"content":{"rendered":"<div data-elementor-type=\"wp-page\" data-elementor-id=\"3599\" class=\"elementor elementor-3599\">\n\t\t\t\t\t\t<section class=\"elementor-section elementor-top-section elementor-element elementor-element-4791a847 elementor-section-stretched elementor-section-content-middle elementor-section-boxed elementor-section-height-default elementor-section-height-default\" data-id=\"4791a847\" data-element_type=\"section\" data-settings=\"{&quot;stretch_section&quot;:&quot;section-stretched&quot;,&quot;background_background&quot;:&quot;classic&quot;}\">\n\t\t\t\t\t\t\t<div class=\"elementor-background-overlay\"><\/div>\n\t\t\t\t\t\t\t<div class=\"elementor-container elementor-column-gap-default\">\n\t\t\t\t\t<div class=\"elementor-column elementor-col-100 elementor-top-column elementor-element elementor-element-7da13dcc\" data-id=\"7da13dcc\" data-element_type=\"column\">\n\t\t\t<div class=\"elementor-widget-wrap elementor-element-populated\">\n\t\t\t\t\t\t<div class=\"elementor-element elementor-element-6f706c67 elementor-widget elementor-widget-heading\" data-id=\"6f706c67\" data-element_type=\"widget\" data-widget_type=\"heading.default\">\n\t\t\t\t<div class=\"elementor-widget-container\">\n\t\t\t\t\t<h1 class=\"elementor-heading-title elementor-size-default\">Our Pillars<\/h1>\t\t\t\t<\/div>\n\t\t\t\t<\/div>\n\t\t\t\t\t<\/div>\n\t\t<\/div>\n\t\t\t\t\t<\/div>\n\t\t<\/section>\n\t\t\t\t<section class=\"elementor-section elementor-top-section elementor-element elementor-element-a0c2e7e elementor-section-boxed elementor-section-height-default elementor-section-height-default\" data-id=\"a0c2e7e\" data-element_type=\"section\">\n\t\t\t\t\t\t<div class=\"elementor-container elementor-column-gap-default\">\n\t\t\t\t\t<div class=\"elementor-column elementor-col-100 elementor-top-column elementor-element elementor-element-25b811d\" data-id=\"25b811d\" data-element_type=\"column\">\n\t\t\t<div class=\"elementor-widget-wrap elementor-element-populated\">\n\t\t\t\t\t\t<div class=\"elementor-element elementor-element-ad4aa45 elementor-widget elementor-widget-heading\" data-id=\"ad4aa45\" data-element_type=\"widget\" data-widget_type=\"heading.default\">\n\t\t\t\t<div class=\"elementor-widget-container\">\n\t\t\t\t\t<h1 class=\"elementor-heading-title elementor-size-default\">The Foundation for African Research and Innovation (FRIA) bases its strategy on three main pillars. <\/h1>\t\t\t\t<\/div>\n\t\t\t\t<\/div>\n\t\t\t\t\t<\/div>\n\t\t<\/div>\n\t\t\t\t\t<\/div>\n\t\t<\/section>\n\t\t\t\t<section class=\"elementor-section elementor-top-section elementor-element elementor-element-4c70b98 elementor-section-boxed elementor-section-height-default elementor-section-height-default\" data-id=\"4c70b98\" data-element_type=\"section\">\n\t\t\t\t\t\t<div class=\"elementor-container elementor-column-gap-default\">\n\t\t\t\t\t<div class=\"elementor-column elementor-col-100 elementor-top-column elementor-element elementor-element-fde28c5\" data-id=\"fde28c5\" data-element_type=\"column\">\n\t\t\t<div class=\"elementor-widget-wrap elementor-element-populated\">\n\t\t\t\t\t\t<section class=\"elementor-section elementor-inner-section elementor-element elementor-element-49ff89d elementor-section-full_width elementor-section-content-middle elementor-section-height-default elementor-section-height-default\" data-id=\"49ff89d\" data-element_type=\"section\">\n\t\t\t\t\t\t<div class=\"elementor-container elementor-column-gap-default\">\n\t\t\t\t\t<div class=\"elementor-column elementor-col-50 elementor-inner-column elementor-element elementor-element-bcc70bf\" data-id=\"bcc70bf\" data-element_type=\"column\">\n\t\t\t<div class=\"elementor-widget-wrap elementor-element-populated\">\n\t\t\t\t\t\t<div class=\"elementor-element elementor-element-dbef8e9 elementor-widget__width-auto elementor-widget elementor-widget-heading\" data-id=\"dbef8e9\" data-element_type=\"widget\" data-widget_type=\"heading.default\">\n\t\t\t\t<div class=\"elementor-widget-container\">\n\t\t\t\t\t<h1 class=\"elementor-heading-title elementor-size-default\">1<\/h1>\t\t\t\t<\/div>\n\t\t\t\t<\/div>\n\t\t\t\t<div class=\"elementor-element elementor-element-cb414c7 elementor-widget__width-initial elementor-widget elementor-widget-heading\" data-id=\"cb414c7\" data-element_type=\"widget\" data-widget_type=\"heading.default\">\n\t\t\t\t<div class=\"elementor-widget-container\">\n\t\t\t\t\t<h1 class=\"elementor-heading-title elementor-size-default\">Awareness as a Catalyst for Action<\/h1>\t\t\t\t<\/div>\n\t\t\t\t<\/div>\n\t\t\t\t<div class=\"elementor-element elementor-element-2f1a24b elementor-mobile-align-center elementor-icon-list--layout-traditional elementor-list-item-link-full_width elementor-widget elementor-widget-icon-list\" data-id=\"2f1a24b\" data-element_type=\"widget\" data-widget_type=\"icon-list.default\">\n\t\t\t\t<div class=\"elementor-widget-container\">\n\t\t\t\t\t\t\t<ul class=\"elementor-icon-list-items\">\n\t\t\t\t\t\t\t<li class=\"elementor-icon-list-item\">\n\t\t\t\t\t\t\t\t\t\t\t<span class=\"elementor-icon-list-icon\">\n\t\t\t\t\t\t\t\t\t\t\t\t\t<\/span>\n\t\t\t\t\t\t\t\t\t\t<span class=\"elementor-icon-list-text\">Scientific research plays a central role in sustainable development and improving quality of life. Yet in Africa, it remains poorly understood and undervalued among the general population and decision-makers. It is difficult to support and fund what people do not fully understand.<\/span>\n\t\t\t\t\t\t\t\t\t<\/li>\n\t\t\t\t\t\t\t\t<li class=\"elementor-icon-list-item\">\n\t\t\t\t\t\t\t\t\t\t\t<span class=\"elementor-icon-list-icon\">\n\t\t\t\t\t\t\t\t\t\t\t\t\t<\/span>\n\t\t\t\t\t\t\t\t\t\t<span class=\"elementor-icon-list-text\">At FRIA, we believe that long-term research funding in Africa requires a strong public understanding of its value. That\u2019s why awareness-raising and the promotion of scientific culture are core pillars of our work.<\/span>\n\t\t\t\t\t\t\t\t\t<\/li>\n\t\t\t\t\t\t\t\t<li class=\"elementor-icon-list-item\">\n\t\t\t\t\t\t\t\t\t\t\t<span class=\"elementor-icon-list-icon\">\n\t\t\t\t\t\t\t\t\t\t\t\t\t<\/span>\n\t\t\t\t\t\t\t\t\t\t<span class=\"elementor-icon-list-text\">We carry out communication, education, and science outreach initiatives to make science accessible to everyone. Our goal is to spark curiosity, build interest, and strengthen public understanding of how research contributes to daily life\u2014targeting students, professionals, policymakers, media, and the general public.<\/br><\/br>\n\nBecause only by valuing science among Africans themselves can we turn it into a true engine for social and economic transformation.<\/span>\n\t\t\t\t\t\t\t\t\t<\/li>\n\t\t\t\t\t\t<\/ul>\n\t\t\t\t\t\t<\/div>\n\t\t\t\t<\/div>\n\t\t\t\t\t<\/div>\n\t\t<\/div>\n\t\t\t\t<div class=\"elementor-column elementor-col-50 elementor-inner-column elementor-element elementor-element-6f8f41f\" data-id=\"6f8f41f\" data-element_type=\"column\" data-settings=\"{&quot;background_background&quot;:&quot;classic&quot;}\">\n\t\t\t<div class=\"elementor-widget-wrap elementor-element-populated\">\n\t\t\t\t\t\t<div class=\"elementor-element elementor-element-538c8ba elementor-widget elementor-widget-image\" data-id=\"538c8ba\" data-element_type=\"widget\" data-widget_type=\"image.default\">\n\t\t\t\t<div class=\"elementor-widget-container\">\n\t\t\t\t\t\t\t\t\t\t\t\t\t\t\t<img fetchpriority=\"high\" decoding=\"async\" width=\"2560\" height=\"1707\" src=\"https:\/\/fondationria.org\/wp-content\/uploads\/2025\/05\/1E1A9909-scaled.jpg\" class=\"attachment-full size-full wp-image-3895\" alt=\"\" srcset=\"https:\/\/fondationria.org\/wp-content\/uploads\/2025\/05\/1E1A9909-scaled.jpg 2560w, https:\/\/fondationria.org\/wp-content\/uploads\/2025\/05\/1E1A9909-300x200.jpg 300w, https:\/\/fondationria.org\/wp-content\/uploads\/2025\/05\/1E1A9909-1024x683.jpg 1024w, https:\/\/fondationria.org\/wp-content\/uploads\/2025\/05\/1E1A9909-768x512.jpg 768w, https:\/\/fondationria.org\/wp-content\/uploads\/2025\/05\/1E1A9909-1536x1024.jpg 1536w, https:\/\/fondationria.org\/wp-content\/uploads\/2025\/05\/1E1A9909-2048x1365.jpg 2048w, https:\/\/fondationria.org\/wp-content\/uploads\/2025\/05\/1E1A9909-600x400.jpg 600w\" sizes=\"(max-width: 2560px) 100vw, 2560px\" \/>\t\t\t\t\t\t\t\t\t\t\t\t\t\t\t<\/div>\n\t\t\t\t<\/div>\n\t\t\t\t\t<\/div>\n\t\t<\/div>\n\t\t\t\t\t<\/div>\n\t\t<\/section>\n\t\t\t\t\t<\/div>\n\t\t<\/div>\n\t\t\t\t\t<\/div>\n\t\t<\/section>\n\t\t\t\t<section class=\"elementor-section elementor-top-section elementor-element elementor-element-bdc1060 elementor-section-boxed elementor-section-height-default elementor-section-height-default\" data-id=\"bdc1060\" data-element_type=\"section\">\n\t\t\t\t\t\t<div class=\"elementor-container elementor-column-gap-default\">\n\t\t\t\t\t<div class=\"elementor-column elementor-col-100 elementor-top-column elementor-element elementor-element-27ec0ff\" data-id=\"27ec0ff\" data-element_type=\"column\">\n\t\t\t<div class=\"elementor-widget-wrap elementor-element-populated\">\n\t\t\t\t\t\t<section class=\"elementor-section elementor-inner-section elementor-element elementor-element-16e05f1 elementor-section-full_width elementor-section-content-middle elementor-section-height-default elementor-section-height-default\" data-id=\"16e05f1\" data-element_type=\"section\">\n\t\t\t\t\t\t<div class=\"elementor-container elementor-column-gap-default\">\n\t\t\t\t\t<div class=\"elementor-column elementor-col-50 elementor-inner-column elementor-element elementor-element-934080c\" data-id=\"934080c\" data-element_type=\"column\" data-settings=\"{&quot;background_background&quot;:&quot;classic&quot;}\">\n\t\t\t<div class=\"elementor-widget-wrap elementor-element-populated\">\n\t\t\t\t\t\t<div class=\"elementor-element elementor-element-0057fbc elementor-widget elementor-widget-image\" data-id=\"0057fbc\" data-element_type=\"widget\" data-widget_type=\"image.default\">\n\t\t\t\t<div class=\"elementor-widget-container\">\n\t\t\t\t\t\t\t\t\t\t\t\t\t\t\t<img decoding=\"async\" width=\"719\" height=\"1080\" src=\"https:\/\/fondationria.org\/wp-content\/uploads\/2025\/08\/WhatsApp-Image-2025-08-13-at-20.43.01_b0c854fb.jpg\" class=\"attachment-full size-full wp-image-4359\" alt=\"\" srcset=\"https:\/\/fondationria.org\/wp-content\/uploads\/2025\/08\/WhatsApp-Image-2025-08-13-at-20.43.01_b0c854fb.jpg 719w, https:\/\/fondationria.org\/wp-content\/uploads\/2025\/08\/WhatsApp-Image-2025-08-13-at-20.43.01_b0c854fb-200x300.jpg 200w, https:\/\/fondationria.org\/wp-content\/uploads\/2025\/08\/WhatsApp-Image-2025-08-13-at-20.43.01_b0c854fb-682x1024.jpg 682w, https:\/\/fondationria.org\/wp-content\/uploads\/2025\/08\/WhatsApp-Image-2025-08-13-at-20.43.01_b0c854fb-8x12.jpg 8w, https:\/\/fondationria.org\/wp-content\/uploads\/2025\/08\/WhatsApp-Image-2025-08-13-at-20.43.01_b0c854fb-600x901.jpg 600w\" sizes=\"(max-width: 719px) 100vw, 719px\" \/>\t\t\t\t\t\t\t\t\t\t\t\t\t\t\t<\/div>\n\t\t\t\t<\/div>\n\t\t\t\t\t<\/div>\n\t\t<\/div>\n\t\t\t\t<div class=\"elementor-column elementor-col-50 elementor-inner-column elementor-element elementor-element-61886ea\" data-id=\"61886ea\" data-element_type=\"column\">\n\t\t\t<div class=\"elementor-widget-wrap elementor-element-populated\">\n\t\t\t\t\t\t<div class=\"elementor-element elementor-element-96a0ffc elementor-widget__width-auto elementor-widget elementor-widget-heading\" data-id=\"96a0ffc\" data-element_type=\"widget\" data-widget_type=\"heading.default\">\n\t\t\t\t<div class=\"elementor-widget-container\">\n\t\t\t\t\t<h1 class=\"elementor-heading-title elementor-size-default\">2<\/h1>\t\t\t\t<\/div>\n\t\t\t\t<\/div>\n\t\t\t\t<div class=\"elementor-element elementor-element-816292e elementor-widget__width-initial elementor-widget elementor-widget-heading\" data-id=\"816292e\" data-element_type=\"widget\" data-widget_type=\"heading.default\">\n\t\t\t\t<div class=\"elementor-widget-container\">\n\t\t\t\t\t<h1 class=\"elementor-heading-title elementor-size-default\">Support and Capacity Building<\/h1>\t\t\t\t<\/div>\n\t\t\t\t<\/div>\n\t\t\t\t<div class=\"elementor-element elementor-element-77bf02c elementor-mobile-align-center elementor-icon-list--layout-traditional elementor-list-item-link-full_width elementor-widget elementor-widget-icon-list\" data-id=\"77bf02c\" data-element_type=\"widget\" data-widget_type=\"icon-list.default\">\n\t\t\t\t<div class=\"elementor-widget-container\">\n\t\t\t\t\t\t\t<ul class=\"elementor-icon-list-items\">\n\t\t\t\t\t\t\t<li class=\"elementor-icon-list-item\">\n\t\t\t\t\t\t\t\t\t\t\t<span class=\"elementor-icon-list-icon\">\n\t\t\t\t\t\t\t\t\t\t\t\t\t<\/span>\n\t\t\t\t\t\t\t\t\t\t<span class=\"elementor-icon-list-text\">In an environment where resources are increasingly scarce, research funding is becoming ever more competitive. At the same time, academic institutions struggle to absorb the growing number of graduates they produce each year. As a result, young African researchers and innovators face a double challenge: limited funding opportunities and few professional prospects.<\/span>\n\t\t\t\t\t\t\t\t\t<\/li>\n\t\t\t\t\t\t\t\t<li class=\"elementor-icon-list-item\">\n\t\t\t\t\t\t\t\t\t\t\t<span class=\"elementor-icon-list-icon\">\n\t\t\t\t\t\t\t\t\t\t\t\t\t<\/span>\n\t\t\t\t\t\t\t\t\t\t<span class=\"elementor-icon-list-text\">Yet the technical skills acquired through scientific training\u2014when strengthened with strong cross-cutting competencies\u2014should enable these young people to fully integrate into the workforce and become change agents.<\/span>\n\t\t\t\t\t\t\t\t\t<\/li>\n\t\t\t\t\t\t\t\t<li class=\"elementor-icon-list-item\">\n\t\t\t\t\t\t\t\t\t\t\t<span class=\"elementor-icon-list-icon\">\n\t\t\t\t\t\t\t\t\t\t\t\t\t<\/span>\n\t\t\t\t\t\t\t\t\t\t<span class=\"elementor-icon-list-text\">C\u2019est pourquoi la FRIA s\u2019engage \u00e0 accompagner les jeunes chercheurs et innovateurs africains dans le renforcement de leurs capacit\u00e9s. \u00c0 travers des programmes d\u00e9di\u00e9s, la Fondation propose des formations sur des th\u00e9matiques cl\u00e9s telles que : la r\u00e9daction de projets, l\u2019\u00e9laboration de budgets, la recherche de financements, la gestion de projets, la r\u00e9daction scientifique (articles, revues), ou encore l\u2019int\u00e9gration de l\u2019intelligence artificielle dans la recherche.<\/span>\n\t\t\t\t\t\t\t\t\t<\/li>\n\t\t\t\t\t\t\t\t<li class=\"elementor-icon-list-item\">\n\t\t\t\t\t\t\t\t\t\t\t<span class=\"elementor-icon-list-icon\">\n\t\t\t\t\t\t\t\t\t\t\t\t\t<\/span>\n\t\t\t\t\t\t\t\t\t\t<span class=\"elementor-icon-list-text\">Unfortunately, university training often remains too theoretical and provides few opportunities to develop these essential practical skills.<\/br><\/br>\nThis is why FRIA is committed to supporting young African researchers and innovators in strengthening their capacities. Through dedicated programs, the foundation offers training on key topics such as:<\/br><\/br>\n\u2022\tProject proposal writing<\/br>\n\u2022\tBudget development<\/br>\n\u2022\tFundraising strategies<\/br>\n\u2022\tResearch project management<\/br>\n\u2022\tScientific writing (articles, reviews)<\/br>\n\u2022\tIntegrating artificial intelligence in research<\/br><\/br>\nThe goal is to equip these young talents with the tools they need to enhance their profiles, find sustainable careers across sectors, and contribute\u2014through rigorous scientific approaches\u2014to solving Africa\u2019s development challenges.<\/span>\n\t\t\t\t\t\t\t\t\t<\/li>\n\t\t\t\t\t\t<\/ul>\n\t\t\t\t\t\t<\/div>\n\t\t\t\t<\/div>\n\t\t\t\t\t<\/div>\n\t\t<\/div>\n\t\t\t\t\t<\/div>\n\t\t<\/section>\n\t\t\t\t\t<\/div>\n\t\t<\/div>\n\t\t\t\t\t<\/div>\n\t\t<\/section>\n\t\t\t\t<section class=\"elementor-section elementor-top-section elementor-element elementor-element-3d30718 elementor-section-boxed elementor-section-height-default elementor-section-height-default\" data-id=\"3d30718\" data-element_type=\"section\">\n\t\t\t\t\t\t<div class=\"elementor-container elementor-column-gap-default\">\n\t\t\t\t\t<div class=\"elementor-column elementor-col-100 elementor-top-column elementor-element elementor-element-a61fb1e\" data-id=\"a61fb1e\" data-element_type=\"column\">\n\t\t\t<div class=\"elementor-widget-wrap elementor-element-populated\">\n\t\t\t\t\t\t<section class=\"elementor-section elementor-inner-section elementor-element elementor-element-ba51984 elementor-section-full_width elementor-section-content-middle elementor-section-height-default elementor-section-height-default\" data-id=\"ba51984\" data-element_type=\"section\">\n\t\t\t\t\t\t<div class=\"elementor-container elementor-column-gap-default\">\n\t\t\t\t\t<div class=\"elementor-column elementor-col-50 elementor-inner-column elementor-element elementor-element-3c57d84\" data-id=\"3c57d84\" data-element_type=\"column\">\n\t\t\t<div class=\"elementor-widget-wrap elementor-element-populated\">\n\t\t\t\t\t\t<div class=\"elementor-element elementor-element-64bb51c elementor-widget__width-auto elementor-widget elementor-widget-heading\" data-id=\"64bb51c\" data-element_type=\"widget\" data-widget_type=\"heading.default\">\n\t\t\t\t<div class=\"elementor-widget-container\">\n\t\t\t\t\t<h1 class=\"elementor-heading-title elementor-size-default\">3<\/h1>\t\t\t\t<\/div>\n\t\t\t\t<\/div>\n\t\t\t\t<div class=\"elementor-element elementor-element-65b9587 elementor-widget__width-initial elementor-widget elementor-widget-heading\" data-id=\"65b9587\" data-element_type=\"widget\" data-widget_type=\"heading.default\">\n\t\t\t\t<div class=\"elementor-widget-container\">\n\t\t\t\t\t<h1 class=\"elementor-heading-title elementor-size-default\">Sustainable Research Funding<\/h1>\t\t\t\t<\/div>\n\t\t\t\t<\/div>\n\t\t\t\t<div class=\"elementor-element elementor-element-4f99c49 elementor-mobile-align-center elementor-icon-list--layout-traditional elementor-list-item-link-full_width elementor-widget elementor-widget-icon-list\" data-id=\"4f99c49\" data-element_type=\"widget\" data-widget_type=\"icon-list.default\">\n\t\t\t\t<div class=\"elementor-widget-container\">\n\t\t\t\t\t\t\t<ul class=\"elementor-icon-list-items\">\n\t\t\t\t\t\t\t<li class=\"elementor-icon-list-item\">\n\t\t\t\t\t\t\t\t\t\t\t<span class=\"elementor-icon-list-icon\">\n\t\t\t\t\t\t\t\t\t\t\t\t\t<\/span>\n\t\t\t\t\t\t\t\t\t\t<span class=\"elementor-icon-list-text\">Africa remains the continent most dependent on external funding to support its scientific research. Yet emerging economies like China, India, and Brazil have shown that sustainable, inclusive development requires major, strategic investment in research and innovation. The world\u2019s most advanced nations all made science a national priority\u2014accompanied by policies to attract top talent globally.<\/span>\n\t\t\t\t\t\t\t\t\t<\/li>\n\t\t\t\t\t\t\t\t<li class=\"elementor-icon-list-item\">\n\t\t\t\t\t\t\t\t\t\t\t<span class=\"elementor-icon-list-icon\">\n\t\t\t\t\t\t\t\t\t\t\t\t\t<\/span>\n\t\t\t\t\t\t\t\t\t\t<span class=\"elementor-icon-list-text\">As long as African countries do not prioritize investment in research and innovation, they will remain dependent on external agendas misaligned with their local realities. It is clear that control over scientific production must be paired with local ownership of financial resources.<\/span>\n\t\t\t\t\t\t\t\t\t<\/li>\n\t\t\t\t\t\t\t\t<li class=\"elementor-icon-list-item\">\n\t\t\t\t\t\t\t\t\t\t\t<span class=\"elementor-icon-list-icon\">\n\t\t\t\t\t\t\t\t\t\t\t\t\t<\/span>\n\t\t\t\t\t\t\t\t\t\t<span class=\"elementor-icon-list-text\">Yes, investing in research requires long-term vision, significant funding, and a tolerance for uncertainty. But the returns\u2014economic, social, and technological\u2014are substantial.<\/span>\n\t\t\t\t\t\t\t\t\t<\/li>\n\t\t\t\t\t\t\t\t<li class=\"elementor-icon-list-item\">\n\t\t\t\t\t\t\t\t\t\t\t<span class=\"elementor-icon-list-icon\">\n\t\t\t\t\t\t\t\t\t\t\t\t\t<\/span>\n\t\t\t\t\t\t\t\t\t\t<span class=\"elementor-icon-list-text\">In many developed countries, the private sector funds most research activity. This model ensures better alignment between science and the real needs of the local economy, while developing skills that match tomorrow\u2019s strategic priorities.<\/span>\n\t\t\t\t\t\t\t\t\t<\/li>\n\t\t\t\t\t\t\t\t<li class=\"elementor-icon-list-item\">\n\t\t\t\t\t\t\t\t\t\t\t<span class=\"elementor-icon-list-icon\">\n\t\t\t\t\t\t\t\t\t\t\t\t\t<\/span>\n\t\t\t\t\t\t\t\t\t\t<span class=\"elementor-icon-list-text\">At FRIA, we believe that such partnerships\u2014between academic institutions, businesses, civil society, and philanthropic actors from both the diaspora and the continent\u2014can open the door to autonomous, sustainable funding mechanisms.<\/span>\n\t\t\t\t\t\t\t\t\t<\/li>\n\t\t\t\t\t\t\t\t<li class=\"elementor-icon-list-item\">\n\t\t\t\t\t\t\t\t\t\t\t<span class=\"elementor-icon-list-icon\">\n\t\t\t\t\t\t\t\t\t\t\t\t\t<\/span>\n\t\t\t\t\t\t\t\t\t\t<span class=\"elementor-icon-list-text\">Our ambition is clear: to help redefine the model for research funding in Africa by mobilizing the private sector, African citizens, and public authorities in a collective effort to build scientific sovereignty.<\/span>\n\t\t\t\t\t\t\t\t\t<\/li>\n\t\t\t\t\t\t<\/ul>\n\t\t\t\t\t\t<\/div>\n\t\t\t\t<\/div>\n\t\t\t\t\t<\/div>\n\t\t<\/div>\n\t\t\t\t<div class=\"elementor-column elementor-col-50 elementor-inner-column elementor-element elementor-element-0339b85\" data-id=\"0339b85\" data-element_type=\"column\" data-settings=\"{&quot;background_background&quot;:&quot;classic&quot;}\">\n\t\t\t<div class=\"elementor-widget-wrap elementor-element-populated\">\n\t\t\t\t\t\t<div class=\"elementor-element elementor-element-7ceb766 elementor-widget elementor-widget-image\" data-id=\"7ceb766\" data-element_type=\"widget\" data-widget_type=\"image.default\">\n\t\t\t\t<div class=\"elementor-widget-container\">\n\t\t\t\t\t\t\t\t\t\t\t\t\t\t\t<img decoding=\"async\" width=\"552\" height=\"552\" src=\"https:\/\/fondationria.org\/wp-content\/uploads\/2025\/05\/photorealistic-money-with-plant-transformed.jpeg\" class=\"attachment-full size-full wp-image-3744\" alt=\"\" srcset=\"https:\/\/fondationria.org\/wp-content\/uploads\/2025\/05\/photorealistic-money-with-plant-transformed.jpeg 552w, https:\/\/fondationria.org\/wp-content\/uploads\/2025\/05\/photorealistic-money-with-plant-transformed-300x300.jpeg 300w, https:\/\/fondationria.org\/wp-content\/uploads\/2025\/05\/photorealistic-money-with-plant-transformed-150x150.jpeg 150w, https:\/\/fondationria.org\/wp-content\/uploads\/2025\/05\/photorealistic-money-with-plant-transformed-200x200.jpeg 200w, https:\/\/fondationria.org\/wp-content\/uploads\/2025\/05\/photorealistic-money-with-plant-transformed-100x100.jpeg 100w\" sizes=\"(max-width: 552px) 100vw, 552px\" \/>\t\t\t\t\t\t\t\t\t\t\t\t\t\t\t<\/div>\n\t\t\t\t<\/div>\n\t\t\t\t\t<\/div>\n\t\t<\/div>\n\t\t\t\t\t<\/div>\n\t\t<\/section>\n\t\t\t\t\t<\/div>\n\t\t<\/div>\n\t\t\t\t\t<\/div>\n\t\t<\/section>\n\t\t\t\t<\/div>","protected":false},"excerpt":{"rendered":"<p>Les piliers fondamentaux de FRIA La Fondation pour la Recherche et l\u2019Innovation Africaine (FRIA) appuie sa strat\u00e9gie sur trois piliers principaux 1 Sensibiliser pour mieux agir La recherche scientifique joue un r\u00f4le central dans le d\u00e9veloppement durable et l\u2019am\u00e9lioration des conditions de vie. Pourtant, en Afrique, elle reste encore m\u00e9connue et insuffisamment valoris\u00e9e aupr\u00e8s des [&hellip;]<\/p>","protected":false},"author":1,"featured_media":0,"parent":0,"menu_order":0,"comment_status":"closed","ping_status":"closed","template":"","meta":{"footnotes":""},"class_list":["post-3599","page","type-page","status-publish","hentry"],"_links":{"self":[{"href":"https:\/\/fondationria.org\/en\/wp-json\/wp\/v2\/pages\/3599","targetHints":{"allow":["GET"]}}],"collection":[{"href":"https:\/\/fondationria.org\/en\/wp-json\/wp\/v2\/pages"}],"about":[{"href":"https:\/\/fondationria.org\/en\/wp-json\/wp\/v2\/types\/page"}],"author":[{"embeddable":true,"href":"https:\/\/fondationria.org\/en\/wp-json\/wp\/v2\/users\/1"}],"replies":[{"embeddable":true,"href":"https:\/\/fondationria.org\/en\/wp-json\/wp\/v2\/comments?post=3599"}],"version-history":[{"count":38,"href":"https:\/\/fondationria.org\/en\/wp-json\/wp\/v2\/pages\/3599\/revisions"}],"predecessor-version":[{"id":4362,"href":"https:\/\/fondationria.org\/en\/wp-json\/wp\/v2\/pages\/3599\/revisions\/4362"}],"wp:attachment":[{"href":"https:\/\/fondationria.org\/en\/wp-json\/wp\/v2\/media?parent=3599"}],"curies":[{"name":"wp","href":"https:\/\/api.w.org\/{rel}","templated":true}]}}